{"id":116,"date":"2021-03-21T03:08:39","date_gmt":"2021-03-21T03:08:39","guid":{"rendered":"https:\/\/nextiatech.com\/home\/?page_id=116"},"modified":"2021-05-24T13:36:00","modified_gmt":"2021-05-24T13:36:00","slug":"inicio","status":"publish","type":"page","link":"https:\/\/nextiatech.com\/home\/index.php\/inicio\/","title":{"rendered":"NEXTIA TECH"},"content":{"rendered":"\t\t<div data-elementor-type=\"wp-page\" data-elementor-id=\"116\" class=\"elementor elementor-116\">\n\t\t\t\t\t\t\t\t\t<section class=\"elementor-section elementor-top-section elementor-element elementor-element-487ead8 elementor-section-boxed elementor-section-height-default elementor-section-height-default\" data-id=\"487ead8\" data-element_type=\"section\">\n\t\t\t\t\t\t<div class=\"elementor-container elementor-column-gap-default\">\n\t\t\t\t\t\t\t\t<\/div>\n\t\t<\/section>\n\t\t\t\t<section class=\"elementor-section elementor-top-section elementor-element elementor-element-c18b4f8 elementor-section-boxed elementor-section-height-default elementor-section-height-default\" data-id=\"c18b4f8\" data-element_type=\"section\">\n\t\t\t\t\t\t<div class=\"elementor-container elementor-column-gap-default\">\n\t\t\t\t\t<div class=\"elementor-column elementor-col-100 elementor-top-column elementor-element elementor-element-672ef19\" data-id=\"672ef19\" data-element_type=\"column\">\n\t\t\t<div class=\"elementor-widget-wrap elementor-element-populated\">\n\t\t\t\t\t\t\t\t<div class=\"elementor-element elementor-element-2a4b876 elementor-invisible elementor-widget elementor-widget-heading\" data-id=\"2a4b876\" data-element_type=\"widget\" data-settings=\"{&quot;_animation&quot;:&quot;fadeInDown&quot;}\" data-widget_type=\"heading.default\">\n\t\t\t\t<div class=\"elementor-widget-container\">\n\t\t\t<h2 class=\"elementor-heading-title elementor-size-default\">Tecnolog\u00eda en tu negocio<\/h2>\t\t<\/div>\n\t\t\t\t<\/div>\n\t\t\t\t<div class=\"elementor-element elementor-element-00d93da elementor-invisible elementor-widget elementor-widget-text-editor\" data-id=\"00d93da\" data-element_type=\"widget\" data-settings=\"{&quot;_animation&quot;:&quot;fadeInDown&quot;}\" data-widget_type=\"text-editor.default\">\n\t\t\t\t<div class=\"elementor-widget-container\">\n\t\t\t\t\t\t\t<p>Ayudamos a negocios a facilitar sus procesos cotidianos implementando sistemas tecnol\u00f3gicos en sus instalaciones.<\/p>\n<p><br><\/p>\t\t\t\t\t\t<\/div>\n\t\t\t\t<\/div>\n\t\t\t\t<div class=\"elementor-element elementor-element-b02d7e8 elementor-invisible elementor-widget elementor-widget-image\" data-id=\"b02d7e8\" data-element_type=\"widget\" data-settings=\"{&quot;_animation&quot;:&quot;fadeInDown&quot;}\" data-widget_type=\"image.default\">\n\t\t\t\t<div class=\"elementor-widget-container\">\n\t\t\t\t\t\t\t\t\t\t\t\t\t\t\t<img loading=\"lazy\" decoding=\"async\" width=\"910\" height=\"911\" src=\"https:\/\/nextiatech.com\/home\/wp-content\/uploads\/2021\/04\/FondoTecnologia-5.png\" class=\"attachment-large size-large wp-image-210\" alt=\"\" srcset=\"https:\/\/nextiatech.com\/home\/wp-content\/uploads\/2021\/04\/FondoTecnologia-5.png 910w, https:\/\/nextiatech.com\/home\/wp-content\/uploads\/2021\/04\/FondoTecnologia-5-768x769.png 768w, https:\/\/nextiatech.com\/home\/wp-content\/uploads\/2021\/04\/FondoTecnologia-5-100x100.png 100w\" sizes=\"auto, (max-width: 910px) 100vw, 910px\" \/>\t\t\t\t\t\t\t\t\t\t\t\t\t\t\t<\/div>\n\t\t\t\t<\/div>\n\t\t\t\t<div class=\"elementor-element elementor-element-977f3b8 elementor-button-info elementor-widget elementor-widget-button\" data-id=\"977f3b8\" data-element_type=\"widget\" data-widget_type=\"button.default\">\n\t\t\t\t<div class=\"elementor-widget-container\">\n\t\t\t\t\t<div class=\"elementor-button-wrapper\">\n\t\t\t<a href=\"https:\/\/nextiatech.com\/home\/index.php\/tu-negocio\/\" class=\"elementor-button-link elementor-button elementor-size-md elementor-animation-pop\" role=\"button\">\n\t\t\t\t\t\t<span class=\"elementor-button-content-wrapper\">\n\t\t\t\t\t\t<span class=\"elementor-button-text\">Conocer m\u00e1s<\/span>\n\t\t<\/span>\n\t\t\t\t\t<\/a>\n\t\t<\/div>\n\t\t\t\t<\/div>\n\t\t\t\t<\/div>\n\t\t\t\t\t<\/div>\n\t\t<\/div>\n\t\t\t\t\t\t\t<\/div>\n\t\t<\/section>\n\t\t\t\t<section class=\"elementor-section elementor-top-section elementor-element elementor-element-5a7944c elementor-section-boxed elementor-section-height-default elementor-section-height-default\" data-id=\"5a7944c\" data-element_type=\"section\">\n\t\t\t\t\t\t<div class=\"elementor-container elementor-column-gap-default\">\n\t\t\t\t\t\t\t\t<\/div>\n\t\t<\/section>\n\t\t\t\t<section class=\"elementor-section elementor-top-section elementor-element elementor-element-2da8f62 elementor-section-boxed elementor-section-height-default elementor-section-height-default\" data-id=\"2da8f62\" data-element_type=\"section\">\n\t\t\t\t\t\t<div class=\"elementor-container elementor-column-gap-default\">\n\t\t\t\t\t<div class=\"elementor-column elementor-col-100 elementor-top-column elementor-element elementor-element-dc44fd0\" data-id=\"dc44fd0\" data-element_type=\"column\">\n\t\t\t<div class=\"elementor-widget-wrap elementor-element-populated\">\n\t\t\t\t\t\t\t\t<div class=\"elementor-element elementor-element-4a58157 elementor-invisible elementor-widget elementor-widget-heading\" data-id=\"4a58157\" data-element_type=\"widget\" data-settings=\"{&quot;_animation&quot;:&quot;fadeInDown&quot;}\" data-widget_type=\"heading.default\">\n\t\t\t\t<div class=\"elementor-widget-container\">\n\t\t\t<h2 class=\"elementor-heading-title elementor-size-default\">Beneficios al digitalizar tu negocio<\/h2>\t\t<\/div>\n\t\t\t\t<\/div>\n\t\t\t\t<div class=\"elementor-element elementor-element-c0f3011 elementor-widget elementor-widget-heading\" data-id=\"c0f3011\" data-element_type=\"widget\" data-widget_type=\"heading.default\">\n\t\t\t\t<div class=\"elementor-widget-container\">\n\t\t\t<h2 class=\"elementor-heading-title elementor-size-default\">Ecommerce<\/h2>\t\t<\/div>\n\t\t\t\t<\/div>\n\t\t\t\t<div class=\"elementor-element elementor-element-e3fbd79 elementor-view-default elementor-widget elementor-widget-icon\" data-id=\"e3fbd79\" data-element_type=\"widget\" data-widget_type=\"icon.default\">\n\t\t\t\t<div class=\"elementor-widget-container\">\n\t\t\t\t\t<div class=\"elementor-icon-wrapper\">\n\t\t\t<div class=\"elementor-icon\">\n\t\t\t<i aria-hidden=\"true\" class=\"fas fa-star\"><\/i>\t\t\t<\/div>\n\t\t<\/div>\n\t\t\t\t<\/div>\n\t\t\t\t<\/div>\n\t\t\t\t<div class=\"elementor-element elementor-element-8bfff61 elementor-invisible elementor-widget elementor-widget-text-editor\" data-id=\"8bfff61\" data-element_type=\"widget\" data-settings=\"{&quot;_animation&quot;:&quot;fadeInDown&quot;}\" data-widget_type=\"text-editor.default\">\n\t\t\t\t<div class=\"elementor-widget-container\">\n\t\t\t\t\t\t\t<p>Incrementa tus ventas\u00a0<\/p><p>Ventas a kil\u00f3metros de distancia\u00a0<\/p><p>Ventas aut\u00f3nomas\u00a0<\/p><p>Ventas online\u00a0<\/p><p>Expande la imagen de tu marca -Sistemas m\u00f3viles personalizados +Incrementa el seguimiento de tu negocio +Evaluaciones constantes de tus procesos +Estad\u00edsticas para la mejora contin\u00faa<\/p>\t\t\t\t\t\t<\/div>\n\t\t\t\t<\/div>\n\t\t\t\t\t<\/div>\n\t\t<\/div>\n\t\t\t\t\t\t\t<\/div>\n\t\t<\/section>\n\t\t\t\t<section class=\"elementor-section elementor-top-section elementor-element elementor-element-64c8a9c elementor-section-boxed elementor-section-height-default elementor-section-height-default\" data-id=\"64c8a9c\" data-element_type=\"section\">\n\t\t\t\t\t\t<div class=\"elementor-container elementor-column-gap-default\">\n\t\t\t\t\t<div class=\"elementor-column elementor-col-100 elementor-top-column elementor-element elementor-element-a1f5287\" data-id=\"a1f5287\" data-element_type=\"column\">\n\t\t\t<div class=\"elementor-widget-wrap elementor-element-populated\">\n\t\t\t\t\t\t\t\t<div class=\"elementor-element elementor-element-124497e elementor-widget elementor-widget-image\" data-id=\"124497e\" data-element_type=\"widget\" data-widget_type=\"image.default\">\n\t\t\t\t<div class=\"elementor-widget-container\">\n\t\t\t\t\t\t\t\t\t\t\t\t<figure class=\"wp-caption\">\n\t\t\t\t\t\t\t\t\t\t<img decoding=\"async\" src=\"https:\/\/nextiatech.com\/home\/wp-content\/uploads\/elementor\/thumbs\/MovilIcon-1-p5zi711xmm8ui4kh51l6eu3wizwa8185oxxq8j9ghk.png\" title=\"M\u00f3vilIcon\" alt=\"M\u00f3vilIcon\" loading=\"lazy\" \/>\t\t\t\t\t\t\t\t\t\t\t<figcaption class=\"widget-image-caption wp-caption-text\">Y todo lo que midas y eval\u00faes cons\u00faltalo desde tu celular.<\/figcaption>\n\t\t\t\t\t\t\t\t\t\t<\/figure>\n\t\t\t\t\t\t\t\t\t<\/div>\n\t\t\t\t<\/div>\n\t\t\t\t\t<\/div>\n\t\t<\/div>\n\t\t\t\t\t\t\t<\/div>\n\t\t<\/section>\n\t\t\t\t\t\t\t<\/div>\n\t\t","protected":false},"excerpt":{"rendered":"<p>Tecnolog\u00eda en tu negocio Ayudamos a negocios a facilitar sus procesos cotidianos implementando sistemas tecnol\u00f3gicos en sus instalaciones. Conocer m\u00e1s Beneficios al digitalizar tu negocio &hellip;<\/p>\n","protected":false},"author":1,"featured_media":0,"parent":0,"menu_order":0,"comment_status":"closed","ping_status":"closed","template":"","meta":{"footnotes":""},"class_list":["post-116","page","type-page","status-publish","hentry"],"_links":{"self":[{"href":"https:\/\/nextiatech.com\/home\/index.php\/wp-json\/wp\/v2\/pages\/116","targetHints":{"allow":["GET"]}}],"collection":[{"href":"https:\/\/nextiatech.com\/home\/index.php\/wp-json\/wp\/v2\/pages"}],"about":[{"href":"https:\/\/nextiatech.com\/home\/index.php\/wp-json\/wp\/v2\/types\/page"}],"author":[{"embeddable":true,"href":"https:\/\/nextiatech.com\/home\/index.php\/wp-json\/wp\/v2\/users\/1"}],"replies":[{"embeddable":true,"href":"https:\/\/nextiatech.com\/home\/index.php\/wp-json\/wp\/v2\/comments?post=116"}],"version-history":[{"count":191,"href":"https:\/\/nextiatech.com\/home\/index.php\/wp-json\/wp\/v2\/pages\/116\/revisions"}],"predecessor-version":[{"id":432,"href":"https:\/\/nextiatech.com\/home\/index.php\/wp-json\/wp\/v2\/pages\/116\/revisions\/432"}],"wp:attachment":[{"href":"https:\/\/nextiatech.com\/home\/index.php\/wp-json\/wp\/v2\/media?parent=116"}],"curies":[{"name":"wp","href":"https:\/\/api.w.org\/{rel}","templated":true}]}}